{"id":518,"date":"2024-08-11T21:15:27","date_gmt":"2024-08-11T21:15:27","guid":{"rendered":"https:\/\/eleganttouch-co.com\/?post_type=product&#038;p=518"},"modified":"2026-03-18T14:41:49","modified_gmt":"2026-03-18T14:41:49","slug":"aimant-hijab-metalique","status":"publish","type":"product","link":"https:\/\/eleganttouch-co.com\/index.php\/product\/aimant-hijab-metalique\/","title":{"rendered":"Aimant hijab metalique"},"content":{"rendered":"<p>Vous recherchez un accessoire pour maintenir vos hijabs sans les ab\u00eemer ?<\/p>\n<p>Nous avons le produit qu\u2019il vous faut ! De qualit\u00e9 sup\u00e9rieure, notre aimant\u00a0 est simple d\u2019utilisation et tr\u00e8s agr\u00e9able \u00e0 porter.<\/p>\n<p>Sa couleur argent\u00e9\u00a0 apportera une touche d\u2019\u00e9l\u00e9gance \u00e0 votre tenue, tout en \u00e9tant discret.<\/p>\n","protected":false},"excerpt":{"rendered":"<p>Vous recherchez un accessoire pour maintenir vos hijabs sans les ab\u00eemer ? Nous avons le produit qu\u2019il vous faut ! De qualit\u00e9 sup\u00e9rieure, notre aimant\u00a0 est simple d\u2019utilisation et tr\u00e8s agr\u00e9able \u00e0 porter. Sa couleur argent\u00e9\u00a0 apportera une touche d\u2019\u00e9l\u00e9gance \u00e0 votre tenue, tout en \u00e9tant discret.<\/p>\n","protected":false},"featured_media":499,"comment_status":"open","ping_status":"closed","template":"","meta":[],"product_brand":[],"product_cat":[24],"product_tag":[25,77,69,57,63],"class_list":{"0":"post-518","1":"product","2":"type-product","3":"status-publish","4":"has-post-thumbnail","6":"product_cat-hijab","7":"product_tag-accessoires","8":"product_tag-aimant-hijab","9":"product_tag-hijabs","10":"product_tag-shopping","11":"product_tag-vente","13":"first","14":"instock","15":"shipping-taxable","16":"purchasable","17":"product-type-simple"},"jetpack_sharing_enabled":true,"_links":{"self":[{"href":"https:\/\/eleganttouch-co.com\/index.php\/wp-json\/wp\/v2\/product\/518","targetHints":{"allow":["GET"]}}],"collection":[{"href":"https:\/\/eleganttouch-co.com\/index.php\/wp-json\/wp\/v2\/product"}],"about":[{"href":"https:\/\/eleganttouch-co.com\/index.php\/wp-json\/wp\/v2\/types\/product"}],"replies":[{"embeddable":true,"href":"https:\/\/eleganttouch-co.com\/index.php\/wp-json\/wp\/v2\/comments?post=518"}],"wp:featuredmedia":[{"embeddable":true,"href":"https:\/\/eleganttouch-co.com\/index.php\/wp-json\/wp\/v2\/media\/499"}],"wp:attachment":[{"href":"https:\/\/eleganttouch-co.com\/index.php\/wp-json\/wp\/v2\/media?parent=518"}],"wp:term":[{"taxonomy":"product_brand","embeddable":true,"href":"https:\/\/eleganttouch-co.com\/index.php\/wp-json\/wp\/v2\/product_brand?post=518"},{"taxonomy":"product_cat","embeddable":true,"href":"https:\/\/eleganttouch-co.com\/index.php\/wp-json\/wp\/v2\/product_cat?post=518"},{"taxonomy":"product_tag","embeddable":true,"href":"https:\/\/eleganttouch-co.com\/index.php\/wp-json\/wp\/v2\/product_tag?post=518"}],"curies":[{"name":"wp","href":"https:\/\/api.w.org\/{rel}","templated":true}]}}