{"id":3596,"date":"2025-07-07T08:58:58","date_gmt":"2025-07-07T08:58:58","guid":{"rendered":"https:\/\/eleganttouch-co.com\/?post_type=product&#038;p=3596"},"modified":"2026-02-18T12:07:25","modified_gmt":"2026-02-18T12:07:25","slug":"sandra-dress","status":"publish","type":"product","link":"https:\/\/eleganttouch-co.com\/index.php\/product\/sandra-dress\/","title":{"rendered":"Sandra Dress"},"content":{"rendered":"<p>Robe longue en popeline au style elegant et \u00e9pur\u00e9.<\/p>\n<p>Dot\u00e9e de manches longues , de volants superpos\u00e9s et d&rsquo;une patte de boutonnage avec de jolis boutons dor\u00e9s , elle allie confort<\/p>\n<p>et raffinement.<\/p>\n","protected":false},"excerpt":{"rendered":"<p>Robe longue en popeline au style elegant et \u00e9pur\u00e9. Dot\u00e9e de manches longues , de volants superpos\u00e9s et d&rsquo;une patte de boutonnage avec de jolis boutons dor\u00e9s , elle allie confort et raffinement.<\/p>\n","protected":false},"featured_media":3592,"comment_status":"open","ping_status":"closed","template":"","meta":[],"product_brand":[],"product_cat":[17],"product_tag":[61,137,66,195,122,170],"class_list":{"0":"post-3596","1":"product","2":"type-product","3":"status-publish","4":"has-post-thumbnail","6":"product_cat-dresses","7":"product_tag-dress","8":"product_tag-hijab-essentiels","9":"product_tag-hijabdress","10":"product_tag-modest-clothing","11":"product_tag-new-collection","12":"product_tag-summer-dress","14":"first","15":"instock","16":"sale","17":"shipping-taxable","18":"purchasable","19":"product-type-variable"},"jetpack_sharing_enabled":true,"_links":{"self":[{"href":"https:\/\/eleganttouch-co.com\/index.php\/wp-json\/wp\/v2\/product\/3596","targetHints":{"allow":["GET"]}}],"collection":[{"href":"https:\/\/eleganttouch-co.com\/index.php\/wp-json\/wp\/v2\/product"}],"about":[{"href":"https:\/\/eleganttouch-co.com\/index.php\/wp-json\/wp\/v2\/types\/product"}],"replies":[{"embeddable":true,"href":"https:\/\/eleganttouch-co.com\/index.php\/wp-json\/wp\/v2\/comments?post=3596"}],"wp:featuredmedia":[{"embeddable":true,"href":"https:\/\/eleganttouch-co.com\/index.php\/wp-json\/wp\/v2\/media\/3592"}],"wp:attachment":[{"href":"https:\/\/eleganttouch-co.com\/index.php\/wp-json\/wp\/v2\/media?parent=3596"}],"wp:term":[{"taxonomy":"product_brand","embeddable":true,"href":"https:\/\/eleganttouch-co.com\/index.php\/wp-json\/wp\/v2\/product_brand?post=3596"},{"taxonomy":"product_cat","embeddable":true,"href":"https:\/\/eleganttouch-co.com\/index.php\/wp-json\/wp\/v2\/product_cat?post=3596"},{"taxonomy":"product_tag","embeddable":true,"href":"https:\/\/eleganttouch-co.com\/index.php\/wp-json\/wp\/v2\/product_tag?post=3596"}],"curies":[{"name":"wp","href":"https:\/\/api.w.org\/{rel}","templated":true}]}}