{"id":3024,"date":"2025-05-26T18:15:21","date_gmt":"2025-05-26T18:15:21","guid":{"rendered":"https:\/\/eleganttouch-co.com\/?post_type=product&#038;p=3024"},"modified":"2026-03-18T14:44:43","modified_gmt":"2026-03-18T14:44:43","slug":"burkini-sunrise","status":"publish","type":"product","link":"https:\/\/eleganttouch-co.com\/index.php\/product\/burkini-sunrise\/","title":{"rendered":"Burkini Sunrise"},"content":{"rendered":"<p>Ce burkini 3 pi\u00e9ces est con\u00e7u pour allier modestie , confort et libert\u00e9 de mouvement il se compose de :<\/p>\n<p>1. Un haut long : \u00e0 manches longues, couvrant jusqu\u2019\u00e0 mi-cuisse, avec une coupe l\u00e9g\u00e8rement cintr\u00e9e pour un look \u00e9l\u00e9gant sans mouler. col rond .<br \/>\n2. Un legging : taille haute et confortable, qui s\u2019ajuste parfaitement au corps sans \u00eatre transparent.<br \/>\n3. cagoule assorti : pour couvrir les cheveux tout en restant styl\u00e9e, facile \u00e0 enfiler et \u00e0 ajuster.<\/p>\n<p>Mati\u00e8re : tissu technique l\u00e9ger et opaque (polyester et \u00e9lasthanne), r\u00e9sistant au chlore et \u00e0 l\u2019eau sal\u00e9e, qui s\u00e8che rapidement.<\/p>\n<p>Avantages :<br \/>\n\u2022 S\u00e9chage rapide<br \/>\n\u2022 R\u00e9sistant aux UV<br \/>\n\u2022 Anti-transparence m\u00eame mouill\u00e9<br \/>\n\u2022 Confort optimal pour la nage et les activit\u00e9s aquatiques<\/p>\n<p>Disponible en plusieurs tailles et coloris pour convenir \u00e0 tous les styles.<\/p>\n","protected":false},"excerpt":{"rendered":"<p>Ce burkini 3 pi\u00e9ces est con\u00e7u pour allier modestie , confort et libert\u00e9 de mouvement il se compose de : 1. Un haut long : \u00e0 manches longues, couvrant jusqu\u2019\u00e0 mi-cuisse, avec une coupe l\u00e9g\u00e8rement cintr\u00e9e pour un look \u00e9l\u00e9gant sans mouler. col rond . 2. Un legging : taille [&hellip;]<\/p>\n","protected":false},"featured_media":3257,"comment_status":"open","ping_status":"closed","template":"","meta":[],"product_brand":[],"product_cat":[22],"product_tag":[23,82,187,167,186],"class_list":{"0":"post-3024","1":"product","2":"type-product","3":"status-publish","4":"has-post-thumbnail","6":"product_cat-burkini","7":"product_tag-burkini","8":"product_tag-modeste","9":"product_tag-summer","10":"product_tag-summer-collection","11":"product_tag-swimwear","13":"first","14":"instock","15":"sale","16":"shipping-taxable","17":"purchasable","18":"product-type-variable"},"jetpack_sharing_enabled":true,"_links":{"self":[{"href":"https:\/\/eleganttouch-co.com\/index.php\/wp-json\/wp\/v2\/product\/3024","targetHints":{"allow":["GET"]}}],"collection":[{"href":"https:\/\/eleganttouch-co.com\/index.php\/wp-json\/wp\/v2\/product"}],"about":[{"href":"https:\/\/eleganttouch-co.com\/index.php\/wp-json\/wp\/v2\/types\/product"}],"replies":[{"embeddable":true,"href":"https:\/\/eleganttouch-co.com\/index.php\/wp-json\/wp\/v2\/comments?post=3024"}],"wp:featuredmedia":[{"embeddable":true,"href":"https:\/\/eleganttouch-co.com\/index.php\/wp-json\/wp\/v2\/media\/3257"}],"wp:attachment":[{"href":"https:\/\/eleganttouch-co.com\/index.php\/wp-json\/wp\/v2\/media?parent=3024"}],"wp:term":[{"taxonomy":"product_brand","embeddable":true,"href":"https:\/\/eleganttouch-co.com\/index.php\/wp-json\/wp\/v2\/product_brand?post=3024"},{"taxonomy":"product_cat","embeddable":true,"href":"https:\/\/eleganttouch-co.com\/index.php\/wp-json\/wp\/v2\/product_cat?post=3024"},{"taxonomy":"product_tag","embeddable":true,"href":"https:\/\/eleganttouch-co.com\/index.php\/wp-json\/wp\/v2\/product_tag?post=3024"}],"curies":[{"name":"wp","href":"https:\/\/api.w.org\/{rel}","templated":true}]}}