{"id":2018,"date":"2025-03-02T07:19:31","date_gmt":"2025-03-02T07:19:31","guid":{"rendered":"https:\/\/eleganttouch-co.com\/?post_type=product&#038;p=2018"},"modified":"2026-02-15T10:51:52","modified_gmt":"2026-02-15T10:51:52","slug":"robe-chemise-en-popeline","status":"publish","type":"product","link":"https:\/\/eleganttouch-co.com\/index.php\/product\/robe-chemise-en-popeline\/","title":{"rendered":"Robe Chemise en popeline"},"content":{"rendered":"<p>Robe chemise longue r\u00e9alis\u00e9e en popeline ray\u00e9 100% coton . le modele pr\u00e9sente une ligne evas\u00e9e avec une ceinture pour mettre la silhouette en valeur ,un col chemise classique et des manches longues avec poingnet.<\/p>\n<p>&nbsp;<\/p>\n","protected":false},"excerpt":{"rendered":"<p>Robe chemise longue r\u00e9alis\u00e9e en popeline ray\u00e9 100% coton . le modele pr\u00e9sente une ligne evas\u00e9e avec une ceinture pour mettre la silhouette en valeur ,un col chemise classique et des manches longues avec poingnet. &nbsp;<\/p>\n","protected":false},"featured_media":2015,"comment_status":"open","ping_status":"closed","template":"","meta":[],"product_brand":[],"product_cat":[17],"product_tag":[61,146,148,90,147,91],"class_list":{"0":"post-2018","1":"product","2":"type-product","3":"status-publish","4":"has-post-thumbnail","6":"product_cat-dresses","7":"product_tag-dress","8":"product_tag-robe-chemise","9":"product_tag-robe-popeline","10":"product_tag-shopping-en-ligne","11":"product_tag-sporty","12":"product_tag-womenclothes","14":"first","15":"instock","16":"sale","17":"shipping-taxable","18":"purchasable","19":"product-type-variable"},"jetpack_sharing_enabled":true,"_links":{"self":[{"href":"https:\/\/eleganttouch-co.com\/index.php\/wp-json\/wp\/v2\/product\/2018","targetHints":{"allow":["GET"]}}],"collection":[{"href":"https:\/\/eleganttouch-co.com\/index.php\/wp-json\/wp\/v2\/product"}],"about":[{"href":"https:\/\/eleganttouch-co.com\/index.php\/wp-json\/wp\/v2\/types\/product"}],"replies":[{"embeddable":true,"href":"https:\/\/eleganttouch-co.com\/index.php\/wp-json\/wp\/v2\/comments?post=2018"}],"wp:featuredmedia":[{"embeddable":true,"href":"https:\/\/eleganttouch-co.com\/index.php\/wp-json\/wp\/v2\/media\/2015"}],"wp:attachment":[{"href":"https:\/\/eleganttouch-co.com\/index.php\/wp-json\/wp\/v2\/media?parent=2018"}],"wp:term":[{"taxonomy":"product_brand","embeddable":true,"href":"https:\/\/eleganttouch-co.com\/index.php\/wp-json\/wp\/v2\/product_brand?post=2018"},{"taxonomy":"product_cat","embeddable":true,"href":"https:\/\/eleganttouch-co.com\/index.php\/wp-json\/wp\/v2\/product_cat?post=2018"},{"taxonomy":"product_tag","embeddable":true,"href":"https:\/\/eleganttouch-co.com\/index.php\/wp-json\/wp\/v2\/product_tag?post=2018"}],"curies":[{"name":"wp","href":"https:\/\/api.w.org\/{rel}","templated":true}]}}