{"id":2916,"date":"2025-05-23T13:16:42","date_gmt":"2025-05-23T13:16:42","guid":{"rendered":"https:\/\/eleganttouch-co.com\/?page_id=2916"},"modified":"2025-05-29T11:54:55","modified_gmt":"2025-05-29T11:54:55","slug":"hijab","status":"publish","type":"page","link":"https:\/\/eleganttouch-co.com\/index.php\/hijab\/","title":{"rendered":"Hijab"},"content":{"rendered":"\t\t<div data-elementor-type=\"wp-page\" data-elementor-id=\"2916\" class=\"elementor elementor-2916\" data-elementor-post-type=\"page\">\n\t\t\t\t<div class=\"elementor-element elementor-element-d925248 e-flex e-con-boxed e-con e-parent\" data-id=\"d925248\" data-element_type=\"container\">\n\t\t\t\t\t<div class=\"e-con-inner\">\n\t\t\t\t<div class=\"elementor-element elementor-element-632cbdc elementor-widget elementor-widget-apr_products\" data-id=\"632cbdc\" data-element_type=\"widget\" data-widget_type=\"apr_products.default\">\n\t\t\t\t<div class=\"elementor-widget-container\">\n\t\t\t\t\t\t\t\t<div id=\"widget_product_4150047085\" class=\"widget-product-warper\" data-config='{\"orderby\":\"date\",\"order\":\"ASC\",\"columns\":\"\",\"posts_per_page\":6,\"show_quickview\":\"no\",\"show_wishlist\":\"no\",\"show_compare\":\"no\",\"show_attribute_on_title\":\"no\",\"product_attr\":null,\"product_type\":\"\",\"product_layout\":\"grid\",\"show_custom_image\":\"no\",\"custom_dimension_width\":\"\",\"custom_dimension_height\":\"\",\"show_slider\":\"no\",\"paginate\":\"false\",\"change_to_a_filter_box\":null,\"change_to_a_filter_box_767\":null,\"show_content_mobile\":null,\"slidesToShow\":0,\"slidesToScroll\":0,\"slidestoshow_mobile_mini\":0,\"slidestoshow_mobile\":0,\"slidestoshow_tablet\":0,\"slidestoshow_desktop\":0,\"autoplay_speed\":500,\"direction\":false,\"dots\":false,\"show_arr\":false,\"navigation\":false,\"centermode\":false,\"infinite\":false,\"autoplay\":false,\"pause_on_hover\":false,\"slidesrow\":1,\"slidesrow_tablet\":1,\"slidesrow_mobile\":1,\"centerpadding\":0,\"centerpadding_tablet\":0,\"centerpadding_mobile\":0,\"speed\":0}'>\n\t\t\t\t \n\t\t\t\t\t<div id=\"apr_product_1067182389\"  class=\"apr-product  col-tablet-3 col-mobile-2  content-left  content-tl-left  content-mb-left  no-border-content  product-action-horizontal-bottom  wishlist--top  products-by-categories arrow_align_middle \">\n\t\t\t\t\t\t\t\t\t\t\t\t<div class=\"woocommerce columns-4 \">\n<div class=\"product-style product-style-default\">\n\t\n<ul class=\"products  product-grid columns-4 pagination_number\"><li class=\"hijab product post-516 type-product status-publish has-post-thumbnail product_cat-hijab product_tag-accessoires product_tag-attache-hijab product_tag-hijabs first instock shipping-taxable purchasable product-type-simple\">\n\t<div class=\"product-content clearfix \">\n\t\t<div class=\"product-top\">\n\t\t\t\t<div class=\"image-product \">\n\t\t\t\t\t\t\t\t\t\t\t\t<a class=\"\"\n\t\t\t\t   href=\"https:\/\/eleganttouch-co.com\/index.php\/product\/aimant-hijab-matte\/\"\n\t\t\t\t   title=\"Aimant hijab matte\">\n\t\t\t\t\t<img fetchpriority=\"high\" decoding=\"async\" width=\"300\" height=\"300\" src=\"https:\/\/eleganttouch-co.com\/wp-content\/uploads\/2025\/11\/img_7740-1-300x300.jpg\" class=\"attachment-woocommerce_thumbnail size-woocommerce_thumbnail\" alt=\"Aimant hijab matte\" srcset=\"https:\/\/eleganttouch-co.com\/wp-content\/uploads\/2025\/11\/img_7740-1-300x300.jpg 300w, https:\/\/eleganttouch-co.com\/wp-content\/uploads\/2025\/11\/img_7740-1-150x150.jpg 150w, https:\/\/eleganttouch-co.com\/wp-content\/uploads\/2025\/11\/img_7740-1-32x32.jpg 32w\" sizes=\"(max-width: 300px) 100vw, 300px\" \/>\t\t\t\t<\/a>\n\t\t\t\t\t\t<\/div>\n\t\t\t\t\n\t\t\t\t\t\t\t<div class=\"product-action\">\n\t\t\t\t\t<div class=\"action-item add-cart\"><div class=\"add-cart-btn\"><a href=\"?add-to-cart=516\" data-quantity=\"1\" class=\"button product_type_simple add_to_cart_button ajax_add_to_cart button\" data-product_id=\"516\" data-product_sku=\"\" aria-label=\"Ajouter au panier\u00a0: &ldquo;Aimant hijab matte&rdquo;\" data-success_message=\"\u00ab\u00a0Aimant hijab matte\u00a0\u00bb a \u00e9t\u00e9 ajout\u00e9 \u00e0 votre panier\"> <span>Commander<\/span><\/a><\/div><\/div>\t\t\t\t\t<div class=\"group-action hide-action\">\n\t\t\t\t\t\t\t\t\n\t\t\t\t\t\t\t\t\t<\/div>\n\t\t\t\t<\/div>\n\t\t\t\t\t<\/div>\n\t\t<div class=\"product-desc\">\n\t\t\t<div class=\"product-content-info\">\n\t\t\t\t\t\t\t<div class=\"category-product\">\n\t\t\t <a href=\"https:\/\/eleganttouch-co.com\/index.php\/product-category\/hijab\/\" rel=\"tag\">HIJAB<\/a>\t\t<\/div>\n\t\n\t\t\t\t\t\t\t<h2 class=\"woocommerce-loop-product__title\"><a href=\"https:\/\/eleganttouch-co.com\/index.php\/product\/aimant-hijab-matte\/\"\n\t\t\t\t\t\t\t\t\t\t\t\t   class=\"product-name\">Aimant hijab matte<\/a>\n\t\t\t<\/h2>\n\t\t\t\t\t<div class=\"product-price\">\n\t\t\t\t\t<div class=\"top-desc\">\n\t\t\t\t\t\t<span class=\"price\">\n\t\t\t\t<span class=\"woocommerce-Price-amount amount\"><span class=\"woocommerce-Price-currencySymbol\">&#x62f;.&#x62a;<\/span>&nbsp;12,000<\/span>\t\n\t\t\t\t\t\t\t<\/span>\n\t\t\t<\/div>\t\t\t\t\t\n\t            <\/div>\n\t\t\t\t\t\t\t\t\n\t\t\t\t\t\t\t\t\t\t\t<\/div>\n\t\t\t\t\t<\/div>\n\t<\/div>\n<\/li><li class=\"hijab product post-518 type-product status-publish has-post-thumbnail product_cat-hijab product_tag-accessoires product_tag-aimant-hijab product_tag-hijabs product_tag-shopping product_tag-vente  instock shipping-taxable purchasable product-type-simple\">\n\t<div class=\"product-content clearfix \">\n\t\t<div class=\"product-top\">\n\t\t\t\t<div class=\"image-product \">\n\t\t\t\t\t\t\t\t\t\t\t\t<a class=\"\"\n\t\t\t\t   href=\"https:\/\/eleganttouch-co.com\/index.php\/product\/aimant-hijab-metalique\/\"\n\t\t\t\t   title=\"Aimant hijab metalique\">\n\t\t\t\t\t<img decoding=\"async\" width=\"300\" height=\"300\" src=\"https:\/\/eleganttouch-co.com\/wp-content\/uploads\/2024\/08\/IMG_4519-1-300x300.jpeg\" class=\"attachment-woocommerce_thumbnail size-woocommerce_thumbnail\" alt=\"Aimant hijab metalique\" srcset=\"https:\/\/eleganttouch-co.com\/wp-content\/uploads\/2024\/08\/IMG_4519-1-300x300.jpeg 300w, https:\/\/eleganttouch-co.com\/wp-content\/uploads\/2024\/08\/IMG_4519-1-150x150.jpeg 150w, https:\/\/eleganttouch-co.com\/wp-content\/uploads\/2024\/08\/IMG_4519-1-scaled-32x32.jpeg 32w\" sizes=\"(max-width: 300px) 100vw, 300px\" \/>\t\t\t\t<\/a>\n\t\t\t\t\t\t<\/div>\n\t\t\t\t\n\t\t\t\t\t\t\t<div class=\"product-action\">\n\t\t\t\t\t<div class=\"action-item add-cart\"><div class=\"add-cart-btn\"><a href=\"?add-to-cart=518\" data-quantity=\"1\" class=\"button product_type_simple add_to_cart_button ajax_add_to_cart button\" data-product_id=\"518\" data-product_sku=\"\" aria-label=\"Ajouter au panier\u00a0: &ldquo;Aimant hijab metalique&rdquo;\" data-success_message=\"\u00ab\u00a0Aimant hijab metalique\u00a0\u00bb a \u00e9t\u00e9 ajout\u00e9 \u00e0 votre panier\"> <span>Commander<\/span><\/a><\/div><\/div>\t\t\t\t\t<div class=\"group-action hide-action\">\n\t\t\t\t\t\t\t\t\n\t\t\t\t\t\t\t\t\t<\/div>\n\t\t\t\t<\/div>\n\t\t\t\t\t<\/div>\n\t\t<div class=\"product-desc\">\n\t\t\t<div class=\"product-content-info\">\n\t\t\t\t\t\t\t<div class=\"category-product\">\n\t\t\t <a href=\"https:\/\/eleganttouch-co.com\/index.php\/product-category\/hijab\/\" rel=\"tag\">HIJAB<\/a>\t\t<\/div>\n\t\n\t\t\t\t\t\t\t<h2 class=\"woocommerce-loop-product__title\"><a href=\"https:\/\/eleganttouch-co.com\/index.php\/product\/aimant-hijab-metalique\/\"\n\t\t\t\t\t\t\t\t\t\t\t\t   class=\"product-name\">Aimant hijab metalique<\/a>\n\t\t\t<\/h2>\n\t\t\t\t\t<div class=\"product-price\">\n\t\t\t\t\t<div class=\"top-desc\">\n\t\t\t\t\t\t<span class=\"price\">\n\t\t\t\t<span class=\"woocommerce-Price-amount amount\"><span class=\"woocommerce-Price-currencySymbol\">&#x62f;.&#x62a;<\/span>&nbsp;12,000<\/span>\t\n\t\t\t\t\t\t\t<\/span>\n\t\t\t<\/div>\t\t\t\t\t\n\t            <\/div>\n\t\t\t\t\t\t\t\t\n\t\t\t\t\t\t\t\t\t\t\t<\/div>\n\t\t\t\t\t<\/div>\n\t<\/div>\n<\/li><li class=\"hijab product post-2255 type-product status-publish has-post-thumbnail product_cat-hijab  instock shipping-taxable purchasable product-type-simple\">\n\t<div class=\"product-content clearfix \">\n\t\t<div class=\"product-top\">\n\t\t\t\t<div class=\"image-product \">\n\t\t\t\t\t\t\t\t\t\t\t\t<a class=\"\"\n\t\t\t\t   href=\"https:\/\/eleganttouch-co.com\/index.php\/product\/aimant-hijab-matte-2\/\"\n\t\t\t\t   title=\"Aimant hijab matte\">\n\t\t\t\t\t<img decoding=\"async\" width=\"300\" height=\"300\" src=\"https:\/\/eleganttouch-co.com\/wp-content\/uploads\/2025\/03\/B5806C68-9BF4-4C16-9204-8082C1B405FE-300x300.jpeg\" class=\"attachment-woocommerce_thumbnail size-woocommerce_thumbnail\" alt=\"Aimant hijab matte\" srcset=\"https:\/\/eleganttouch-co.com\/wp-content\/uploads\/2025\/03\/B5806C68-9BF4-4C16-9204-8082C1B405FE-300x300.jpeg 300w, https:\/\/eleganttouch-co.com\/wp-content\/uploads\/2025\/03\/B5806C68-9BF4-4C16-9204-8082C1B405FE-150x150.jpeg 150w, https:\/\/eleganttouch-co.com\/wp-content\/uploads\/2025\/03\/B5806C68-9BF4-4C16-9204-8082C1B405FE-scaled-32x32.jpeg 32w\" sizes=\"(max-width: 300px) 100vw, 300px\" \/>\t\t\t\t<\/a>\n\t\t\t\t\t\t<\/div>\n\t\t\t\t\n\t\t\t\t\t\t\t<div class=\"product-action\">\n\t\t\t\t\t<div class=\"action-item add-cart\"><div class=\"add-cart-btn\"><a href=\"?add-to-cart=2255\" data-quantity=\"1\" class=\"button product_type_simple add_to_cart_button ajax_add_to_cart button\" data-product_id=\"2255\" data-product_sku=\"\" aria-label=\"Ajouter au panier\u00a0: &ldquo;Aimant hijab matte&rdquo;\" data-success_message=\"\u00ab\u00a0Aimant hijab matte\u00a0\u00bb a \u00e9t\u00e9 ajout\u00e9 \u00e0 votre panier\"> <span>Commander<\/span><\/a><\/div><\/div>\t\t\t\t\t<div class=\"group-action hide-action\">\n\t\t\t\t\t\t\t\t\n\t\t\t\t\t\t\t\t\t<\/div>\n\t\t\t\t<\/div>\n\t\t\t\t\t<\/div>\n\t\t<div class=\"product-desc\">\n\t\t\t<div class=\"product-content-info\">\n\t\t\t\t\t\t\t<div class=\"category-product\">\n\t\t\t <a href=\"https:\/\/eleganttouch-co.com\/index.php\/product-category\/hijab\/\" rel=\"tag\">HIJAB<\/a>\t\t<\/div>\n\t\n\t\t\t\t\t\t\t<h2 class=\"woocommerce-loop-product__title\"><a href=\"https:\/\/eleganttouch-co.com\/index.php\/product\/aimant-hijab-matte-2\/\"\n\t\t\t\t\t\t\t\t\t\t\t\t   class=\"product-name\">Aimant hijab matte<\/a>\n\t\t\t<\/h2>\n\t\t\t\t\t<div class=\"product-price\">\n\t\t\t\t\t<div class=\"top-desc\">\n\t\t\t\t\t\t<span class=\"price\">\n\t\t\t\t<span class=\"woocommerce-Price-amount amount\"><span class=\"woocommerce-Price-currencySymbol\">&#x62f;.&#x62a;<\/span>&nbsp;18,000<\/span>\t\n\t\t\t\t\t\t\t<\/span>\n\t\t\t<\/div>\t\t\t\t\t\n\t            <\/div>\n\t\t\t\t\t\t\t\t\n\t\t\t\t\t\t\t\t\t\t\t<\/div>\n\t\t\t\t\t<\/div>\n\t<\/div>\n<\/li><li class=\"hijab product post-2383 type-product status-publish has-post-thumbnail product_cat-hijab last instock sale shipping-taxable purchasable product-type-simple\">\n\t<div class=\"product-content clearfix \">\n\t\t<div class=\"product-top\">\n\t\t\t<span class=\"label-product on-sale\"><span>Sale <\/span><\/span>\t<div class=\"image-product \">\n\t\t\t\t\t\t\t\t\t\t\t\t<a class=\"\"\n\t\t\t\t   href=\"https:\/\/eleganttouch-co.com\/index.php\/product\/box-hijab-3\/\"\n\t\t\t\t   title=\"Box hijab\">\n\t\t\t\t\t<img loading=\"lazy\" decoding=\"async\" width=\"300\" height=\"300\" src=\"https:\/\/eleganttouch-co.com\/wp-content\/uploads\/2025\/04\/img_5146-300x300.jpg\" class=\"attachment-woocommerce_thumbnail size-woocommerce_thumbnail\" alt=\"Box hijab\" srcset=\"https:\/\/eleganttouch-co.com\/wp-content\/uploads\/2025\/04\/img_5146-300x300.jpg 300w, https:\/\/eleganttouch-co.com\/wp-content\/uploads\/2025\/04\/img_5146-150x150.jpg 150w, https:\/\/eleganttouch-co.com\/wp-content\/uploads\/2025\/04\/img_5146-32x32.jpg 32w\" sizes=\"(max-width: 300px) 100vw, 300px\" \/>\t\t\t\t<\/a>\n\t\t\t\t\t\t<\/div>\n\t\t\t\t\n\t\t\t\t\t\t\t<div class=\"product-action\">\n\t\t\t\t\t<div class=\"action-item add-cart\"><div class=\"add-cart-btn\"><a href=\"?add-to-cart=2383\" data-quantity=\"1\" class=\"button product_type_simple add_to_cart_button ajax_add_to_cart button\" data-product_id=\"2383\" data-product_sku=\"\" aria-label=\"Ajouter au panier\u00a0: &ldquo;Box hijab&rdquo;\" data-success_message=\"\u00ab\u00a0Box hijab\u00a0\u00bb a \u00e9t\u00e9 ajout\u00e9 \u00e0 votre panier\"> <span>Commander<\/span><\/a><\/div><\/div>\t\t\t\t\t<div class=\"group-action hide-action\">\n\t\t\t\t\t\t\t\t\n\t\t\t\t\t\t\t\t\t<\/div>\n\t\t\t\t<\/div>\n\t\t\t\t\t<\/div>\n\t\t<div class=\"product-desc\">\n\t\t\t<div class=\"product-content-info\">\n\t\t\t\t\t\t\t<div class=\"category-product\">\n\t\t\t <a href=\"https:\/\/eleganttouch-co.com\/index.php\/product-category\/hijab\/\" rel=\"tag\">HIJAB<\/a>\t\t<\/div>\n\t\n\t\t\t\t\t\t\t<h2 class=\"woocommerce-loop-product__title\"><a href=\"https:\/\/eleganttouch-co.com\/index.php\/product\/box-hijab-3\/\"\n\t\t\t\t\t\t\t\t\t\t\t\t   class=\"product-name\">Box hijab<\/a>\n\t\t\t<\/h2>\n\t\t\t\t\t<div class=\"product-price\">\n\t\t\t\t\t<div class=\"top-desc\">\n\t\t\t\t\t\t<span class=\"price\">\n\t\t\t\t<del><span class=\"woocommerce-Price-amount amount\"><span class=\"woocommerce-Price-currencySymbol\">&#x62f;.&#x62a;<\/span>&nbsp;72,000<\/span><\/del> <span class=\"screen-reader-text\">Le prix initial \u00e9tait\u00a0: &#x62f;.&#x62a;&nbsp;72,000.<\/span><ins><span class=\"woocommerce-Price-amount amount\"><span class=\"woocommerce-Price-currencySymbol\">&#x62f;.&#x62a;<\/span>&nbsp;56,000<\/span><\/ins><span class=\"screen-reader-text\">Le prix actuel est\u00a0: &#x62f;.&#x62a;&nbsp;56,000.<\/span>\t\n\t\t\t\t\t\t\t<\/span>\n\t\t\t<\/div>\t\t\t\t\t\n\t            <\/div>\n\t\t\t\t\t\t\t\t\n\t\t\t\t\t\t\t\t\t\t\t<\/div>\n\t\t\t\t\t<\/div>\n\t<\/div>\n<\/li><li class=\"hijab product post-3061 type-product status-publish has-post-thumbnail product_cat-hijab product_tag-box-hijab product_tag-crepe-chiffon product_tag-foulard product_tag-hijab-essentiels first instock shipping-taxable purchasable product-type-simple\">\n\t<div class=\"product-content clearfix \">\n\t\t<div class=\"product-top\">\n\t\t\t\t<div class=\"image-product \">\n\t\t\t\t\t\t\t\t\t\t\t\t<a class=\"\"\n\t\t\t\t   href=\"https:\/\/eleganttouch-co.com\/index.php\/product\/hijab-lux-crepe-chiffon\/\"\n\t\t\t\t   title=\"Hijab lux crepe chiffon\">\n\t\t\t\t\t<img loading=\"lazy\" decoding=\"async\" width=\"300\" height=\"300\" src=\"https:\/\/eleganttouch-co.com\/wp-content\/uploads\/2025\/05\/img_6606-1-300x300.jpg\" class=\"attachment-woocommerce_thumbnail size-woocommerce_thumbnail\" alt=\"Hijab lux crepe chiffon\" srcset=\"https:\/\/eleganttouch-co.com\/wp-content\/uploads\/2025\/05\/img_6606-1-300x300.jpg 300w, https:\/\/eleganttouch-co.com\/wp-content\/uploads\/2025\/05\/img_6606-1-150x150.jpg 150w, https:\/\/eleganttouch-co.com\/wp-content\/uploads\/2025\/05\/img_6606-1-32x32.jpg 32w\" sizes=\"(max-width: 300px) 100vw, 300px\" \/>\t\t\t\t<\/a>\n\t\t\t\t\t\t<\/div>\n\t\t\t\t\n\t\t\t\t\t\t\t<div class=\"product-action\">\n\t\t\t\t\t<div class=\"action-item add-cart\"><div class=\"add-cart-btn\"><a href=\"?add-to-cart=3061\" data-quantity=\"1\" class=\"button product_type_simple add_to_cart_button ajax_add_to_cart button\" data-product_id=\"3061\" data-product_sku=\"\" aria-label=\"Ajouter au panier\u00a0: &ldquo;Hijab lux crepe chiffon&rdquo;\" data-success_message=\"\u00ab\u00a0Hijab lux crepe chiffon\u00a0\u00bb a \u00e9t\u00e9 ajout\u00e9 \u00e0 votre panier\"> <span>Commander<\/span><\/a><\/div><\/div>\t\t\t\t\t<div class=\"group-action hide-action\">\n\t\t\t\t\t\t\t\t\n\t\t\t\t\t\t\t\t\t<\/div>\n\t\t\t\t<\/div>\n\t\t\t\t\t<\/div>\n\t\t<div class=\"product-desc\">\n\t\t\t<div class=\"product-content-info\">\n\t\t\t\t\t\t\t<div class=\"category-product\">\n\t\t\t <a href=\"https:\/\/eleganttouch-co.com\/index.php\/product-category\/hijab\/\" rel=\"tag\">HIJAB<\/a>\t\t<\/div>\n\t\n\t\t\t\t\t\t\t<h2 class=\"woocommerce-loop-product__title\"><a href=\"https:\/\/eleganttouch-co.com\/index.php\/product\/hijab-lux-crepe-chiffon\/\"\n\t\t\t\t\t\t\t\t\t\t\t\t   class=\"product-name\">Hijab lux crepe chiffon<\/a>\n\t\t\t<\/h2>\n\t\t\t\t\t<div class=\"product-price\">\n\t\t\t\t\t<div class=\"top-desc\">\n\t\t\t\t\t\t<span class=\"price\">\n\t\t\t\t<span class=\"woocommerce-Price-amount amount\"><span class=\"woocommerce-Price-currencySymbol\">&#x62f;.&#x62a;<\/span>&nbsp;28,000<\/span>\t\n\t\t\t\t\t\t\t<\/span>\n\t\t\t<\/div>\t\t\t\t\t\n\t            <\/div>\n\t\t\t\t\t\t\t\t\n\t\t\t\t\t\t\t\t\t\t\t<\/div>\n\t\t\t\t\t<\/div>\n\t<\/div>\n<\/li><li class=\"hijab product post-4743 type-product status-publish has-post-thumbnail product_cat-hijab  instock shipping-taxable purchasable product-type-simple\">\n\t<div class=\"product-content clearfix \">\n\t\t<div class=\"product-top\">\n\t\t\t\t<div class=\"image-product \">\n\t\t\t\t\t\t\t\t\t\t\t\t<a class=\"\"\n\t\t\t\t   href=\"https:\/\/eleganttouch-co.com\/index.php\/product\/aimant-hijab-marbre\/\"\n\t\t\t\t   title=\"Aimant Hijab Marbr\u00e9\">\n\t\t\t\t\t<img loading=\"lazy\" decoding=\"async\" width=\"300\" height=\"300\" src=\"https:\/\/eleganttouch-co.com\/wp-content\/uploads\/2025\/11\/img_7734-300x300.jpg\" class=\"attachment-woocommerce_thumbnail size-woocommerce_thumbnail\" alt=\"Aimant Hijab Marbr\u00e9\" srcset=\"https:\/\/eleganttouch-co.com\/wp-content\/uploads\/2025\/11\/img_7734-300x300.jpg 300w, https:\/\/eleganttouch-co.com\/wp-content\/uploads\/2025\/11\/img_7734-150x150.jpg 150w, https:\/\/eleganttouch-co.com\/wp-content\/uploads\/2025\/11\/img_7734-32x32.jpg 32w\" sizes=\"(max-width: 300px) 100vw, 300px\" \/>\t\t\t\t<\/a>\n\t\t\t\t\t\t<\/div>\n\t\t\t\t\n\t\t\t\t\t\t\t<div class=\"product-action\">\n\t\t\t\t\t<div class=\"action-item add-cart\"><div class=\"add-cart-btn\"><a href=\"?add-to-cart=4743\" data-quantity=\"1\" class=\"button product_type_simple add_to_cart_button ajax_add_to_cart button\" data-product_id=\"4743\" data-product_sku=\"\" aria-label=\"Ajouter au panier\u00a0: &ldquo;Aimant Hijab Marbr\u00e9&rdquo;\" data-success_message=\"\u00ab\u00a0Aimant Hijab Marbr\u00e9\u00a0\u00bb a \u00e9t\u00e9 ajout\u00e9 \u00e0 votre panier\"> <span>Commander<\/span><\/a><\/div><\/div>\t\t\t\t\t<div class=\"group-action hide-action\">\n\t\t\t\t\t\t\t\t\n\t\t\t\t\t\t\t\t\t<\/div>\n\t\t\t\t<\/div>\n\t\t\t\t\t<\/div>\n\t\t<div class=\"product-desc\">\n\t\t\t<div class=\"product-content-info\">\n\t\t\t\t\t\t\t<div class=\"category-product\">\n\t\t\t <a href=\"https:\/\/eleganttouch-co.com\/index.php\/product-category\/hijab\/\" rel=\"tag\">HIJAB<\/a>\t\t<\/div>\n\t\n\t\t\t\t\t\t\t<h2 class=\"woocommerce-loop-product__title\"><a href=\"https:\/\/eleganttouch-co.com\/index.php\/product\/aimant-hijab-marbre\/\"\n\t\t\t\t\t\t\t\t\t\t\t\t   class=\"product-name\">Aimant Hijab Marbr\u00e9<\/a>\n\t\t\t<\/h2>\n\t\t\t\t\t<div class=\"product-price\">\n\t\t\t\t\t<div class=\"top-desc\">\n\t\t\t\t\t\t<span class=\"price\">\n\t\t\t\t<span class=\"woocommerce-Price-amount amount\"><span class=\"woocommerce-Price-currencySymbol\">&#x62f;.&#x62a;<\/span>&nbsp;12,000<\/span>\t\n\t\t\t\t\t\t\t<\/span>\n\t\t\t<\/div>\t\t\t\t\t\n\t            <\/div>\n\t\t\t\t\t\t\t\t\n\t\t\t\t\t\t\t\t\t\t\t<\/div>\n\t\t\t\t\t<\/div>\n\t<\/div>\n<\/li><\/ul>\n<\/div>\n<\/div>\t\t\t\t\t\t\t\t\t\t\t<\/div>\n\t\t\t\t\n\t\t\t<\/div>\n\n\n\t\t\t\t<\/div>\n\t\t\t\t<\/div>\n\t\t\t\t\t<\/div>\n\t\t\t\t<\/div>\n\t\t\t\t<\/div>\n\t\t","protected":false},"excerpt":{"rendered":"<p>Commander HIJAB Aimant hijab matte &#x62f;.&#x62a;&nbsp;12,000 Commander HIJAB Aimant hijab metalique &#x62f;.&#x62a;&nbsp;12,000 Sold out Lire la suite HIJAB Doudoune imperm\u00e9able Choix des options HIJAB Echarpe en laine &#x62f;.&#x62a;&nbsp;35,000 Choix des options HIJAB Beret en laine &#x62f;.&#x62a;&nbsp;28,000 Commander HIJAB Box hijab &#x62f;.&#x62a;&nbsp;90,000<\/p>\n","protected":false},"author":1,"featured_media":0,"parent":0,"menu_order":0,"comment_status":"closed","ping_status":"closed","template":"","meta":{"footnotes":""},"class_list":["post-2916","page","type-page","status-publish","hentry"],"jetpack_sharing_enabled":true,"_links":{"self":[{"href":"https:\/\/eleganttouch-co.com\/index.php\/wp-json\/wp\/v2\/pages\/2916","targetHints":{"allow":["GET"]}}],"collection":[{"href":"https:\/\/eleganttouch-co.com\/index.php\/wp-json\/wp\/v2\/pages"}],"about":[{"href":"https:\/\/eleganttouch-co.com\/index.php\/wp-json\/wp\/v2\/types\/page"}],"author":[{"embeddable":true,"href":"https:\/\/eleganttouch-co.com\/index.php\/wp-json\/wp\/v2\/users\/1"}],"replies":[{"embeddable":true,"href":"https:\/\/eleganttouch-co.com\/index.php\/wp-json\/wp\/v2\/comments?post=2916"}],"version-history":[{"count":10,"href":"https:\/\/eleganttouch-co.com\/index.php\/wp-json\/wp\/v2\/pages\/2916\/revisions"}],"predecessor-version":[{"id":3146,"href":"https:\/\/eleganttouch-co.com\/index.php\/wp-json\/wp\/v2\/pages\/2916\/revisions\/3146"}],"wp:attachment":[{"href":"https:\/\/eleganttouch-co.com\/index.php\/wp-json\/wp\/v2\/media?parent=2916"}],"curies":[{"name":"wp","href":"https:\/\/api.w.org\/{rel}","templated":true}]}}