{"id":15,"date":"2024-07-08T20:48:50","date_gmt":"2024-07-08T20:48:50","guid":{"rendered":"https:\/\/eleganttouch-co.com\/?page_id=15"},"modified":"2024-12-05T09:26:01","modified_gmt":"2024-12-05T09:26:01","slug":"about-us","status":"publish","type":"page","link":"https:\/\/eleganttouch-co.com\/index.php\/about-us\/","title":{"rendered":"About Us"},"content":{"rendered":"\t\t<div data-elementor-type=\"wp-page\" data-elementor-id=\"15\" class=\"elementor elementor-15\" data-elementor-post-type=\"page\">\n\t\t\t\t<div class=\"elementor-element elementor-element-ef29dc4 e-flex e-con-boxed e-con e-parent\" data-id=\"ef29dc4\" data-element_type=\"container\">\n\t\t\t\t\t<div class=\"e-con-inner\">\n\t\t<div class=\"elementor-element elementor-element-c8fc69a e-con-full e-flex e-con e-child\" data-id=\"c8fc69a\" data-element_type=\"container\">\n\t\t\t\t<div class=\"elementor-element elementor-element-f0d4316 elementor-widget elementor-widget-heading\" data-id=\"f0d4316\" data-element_type=\"widget\" data-widget_type=\"heading.default\">\n\t\t\t\t<div class=\"elementor-widget-container\">\n\t\t\t\t\t<h2 class=\"elementor-heading-title elementor-size-default\">About Us <\/h2>\t\t\t\t<\/div>\n\t\t\t\t<\/div>\n\t\t\t\t<\/div>\n\t\t\t\t\t<\/div>\n\t\t\t\t<\/div>\n\t\t<div class=\"elementor-element elementor-element-a2e319f e-flex e-con-boxed e-con e-parent\" data-id=\"a2e319f\" data-element_type=\"container\">\n\t\t\t\t\t<div class=\"e-con-inner\">\n\t\t\t\t<div class=\"elementor-element elementor-element-b6d9678 elementor-widget elementor-widget-heading\" data-id=\"b6d9678\" data-element_type=\"widget\" data-widget_type=\"heading.default\">\n\t\t\t\t<div class=\"elementor-widget-container\">\n\t\t\t\t\t<h2 class=\"elementor-heading-title elementor-size-default\">ELEGANT   TOUCH  COLLECTION <\/h2>\t\t\t\t<\/div>\n\t\t\t\t<\/div>\n\t\t\t\t\t<\/div>\n\t\t\t\t<\/div>\n\t\t<div class=\"elementor-element elementor-element-a874ad9 e-flex e-con-boxed e-con e-parent\" data-id=\"a874ad9\" data-element_type=\"container\">\n\t\t\t\t\t<div class=\"e-con-inner\">\n\t\t\t\t<div class=\"elementor-element elementor-element-b0825ec elementor-widget elementor-widget-text-editor\" data-id=\"b0825ec\" data-element_type=\"widget\" data-widget_type=\"text-editor.default\">\n\t\t\t\t<div class=\"elementor-widget-container\">\n\t\t\t\t\t\t\t\t\t<p>Bienvenue sur <strong>Elegant Touch Collection<\/strong>, votre destination en ligne d\u00e9di\u00e9e \u00e0 la mode modeste pour les femmes voil\u00e9es. Nous sommes fiers de vous offrir une collection raffin\u00e9e de robes et d&rsquo;habits qui allient \u00e9l\u00e9gance, confort et modernit\u00e9, r\u00e9pondant aux besoins des femmes souhaitant s&rsquo;habiller avec pudeur tout en restant tendance.<\/p><p><strong>Notre Mission<\/strong><br \/>Chez Elegant Touch Collection, nous croyons que chaque femme m\u00e9rite de se sentir belle et confiante dans ses v\u00eatements. Notre mission est de proposer des pi\u00e8ces uniques et styl\u00e9es, con\u00e7ues avec des mat\u00e9riaux de haute qualit\u00e9, qui refl\u00e8tent \u00e0 la fois la modestie et la sophistication.<\/p><p><strong>Nos Valeurs<\/strong><\/p><ul><li><strong>\u00c9l\u00e9gance et Modestie<\/strong> : Chaque pi\u00e8ce de notre collection est soigneusement s\u00e9lectionn\u00e9e pour offrir un \u00e9quilibre parfait entre \u00e9l\u00e9gance et modestie, permettant \u00e0 nos clientes de se sentir \u00e0 l&rsquo;aise et \u00e9l\u00e9gantes en toutes circonstances.<\/li><li><strong>Qualit\u00e9 Sup\u00e9rieure<\/strong> : Nous nous engageons \u00e0 utiliser les meilleurs tissus et \u00e0 pr\u00eater une attention particuli\u00e8re aux d\u00e9tails de fabrication pour garantir des v\u00eatements durables et confortables.<\/li><li><strong>Diversit\u00e9 et Inclusivit\u00e9<\/strong> : Nous c\u00e9l\u00e9brons la diversit\u00e9 et nous nous effor\u00e7ons de proposer une gamme vari\u00e9e de styles et de tailles pour r\u00e9pondre aux diff\u00e9rentes pr\u00e9f\u00e9rences et morphologies de nos clientes.<\/li><\/ul><div><\/div><p><strong>Notre Collection<\/strong><br \/>La <strong>Elegant Touch Collection<\/strong> comprend une vari\u00e9t\u00e9 de robes, jupes, tuniques et ensembles con\u00e7us pour toutes les occasions, qu&rsquo;il s&rsquo;agisse d&rsquo;un \u00e9v\u00e9nement formel, d&rsquo;une sortie d\u00e9contract\u00e9e ou de la vie quotidienne. Chaque v\u00eatement est con\u00e7u pour mettre en valeur la beaut\u00e9 naturelle de chaque femme tout en respectant ses choix de pudeur.<\/p><p><strong>Engagement \u00c9cologique<\/strong><br \/>Nous sommes conscients de notre impact environnemental et nous nous engageons \u00e0 adopter des pratiques durables dans la mesure du possible. De la s\u00e9lection des mat\u00e9riaux \u00e0 la fabrication, nous cherchons constamment \u00e0 r\u00e9duire notre empreinte<\/p>\t\t\t\t\t\t\t\t<\/div>\n\t\t\t\t<\/div>\n\t\t\t\t\t<\/div>\n\t\t\t\t<\/div>\n\t\t<div class=\"elementor-element elementor-element-4355315 e-grid e-con-boxed e-con e-parent\" data-id=\"4355315\" data-element_type=\"container\">\n\t\t\t\t\t<div class=\"e-con-inner\">\n\t\t\t\t<div class=\"elementor-element elementor-element-c1dd7d4 elementor-widget elementor-widget-image\" data-id=\"c1dd7d4\" data-element_type=\"widget\" data-widget_type=\"image.default\">\n\t\t\t\t<div class=\"elementor-widget-container\">\n\t\t\t\t\t\t\t\t\t\t\t\t\t\t\t<img fetchpriority=\"high\" decoding=\"async\" width=\"768\" height=\"1024\" src=\"https:\/\/eleganttouch-co.com\/wp-content\/uploads\/2024\/12\/IMG_3024-768x1024.jpg\" class=\"attachment-large size-large wp-image-1308\" alt=\"\" srcset=\"https:\/\/eleganttouch-co.com\/wp-content\/uploads\/2024\/12\/IMG_3024-768x1024.jpg 768w, https:\/\/eleganttouch-co.com\/wp-content\/uploads\/2024\/12\/IMG_3024-225x300.jpg 225w, https:\/\/eleganttouch-co.com\/wp-content\/uploads\/2024\/12\/IMG_3024-1152x1536.jpg 1152w, https:\/\/eleganttouch-co.com\/wp-content\/uploads\/2024\/12\/IMG_3024-1536x2048.jpg 1536w, https:\/\/eleganttouch-co.com\/wp-content\/uploads\/2024\/12\/IMG_3024-600x800.jpg 600w, https:\/\/eleganttouch-co.com\/wp-content\/uploads\/2024\/12\/IMG_3024-473x630.jpg 473w, https:\/\/eleganttouch-co.com\/wp-content\/uploads\/2024\/12\/IMG_3024-scaled.jpg 1920w\" sizes=\"(max-width: 768px) 100vw, 768px\" \/>\t\t\t\t\t\t\t\t\t\t\t\t\t\t\t<\/div>\n\t\t\t\t<\/div>\n\t\t\t\t<div class=\"elementor-element elementor-element-e7d44b8 elementor-widget elementor-widget-image\" data-id=\"e7d44b8\" data-element_type=\"widget\" data-widget_type=\"image.default\">\n\t\t\t\t<div class=\"elementor-widget-container\">\n\t\t\t\t\t\t\t\t\t\t\t\t\t\t\t<img decoding=\"async\" width=\"768\" height=\"1024\" src=\"https:\/\/eleganttouch-co.com\/wp-content\/uploads\/2024\/12\/IMG_7843-768x1024.jpg\" class=\"attachment-large size-large wp-image-1339\" alt=\"\" srcset=\"https:\/\/eleganttouch-co.com\/wp-content\/uploads\/2024\/12\/IMG_7843-768x1024.jpg 768w, https:\/\/eleganttouch-co.com\/wp-content\/uploads\/2024\/12\/IMG_7843-225x300.jpg 225w, https:\/\/eleganttouch-co.com\/wp-content\/uploads\/2024\/12\/IMG_7843-1152x1536.jpg 1152w, https:\/\/eleganttouch-co.com\/wp-content\/uploads\/2024\/12\/IMG_7843-1536x2048.jpg 1536w, https:\/\/eleganttouch-co.com\/wp-content\/uploads\/2024\/12\/IMG_7843-600x800.jpg 600w, https:\/\/eleganttouch-co.com\/wp-content\/uploads\/2024\/12\/IMG_7843-473x630.jpg 473w, https:\/\/eleganttouch-co.com\/wp-content\/uploads\/2024\/12\/IMG_7843-scaled.jpg 1920w\" sizes=\"(max-width: 768px) 100vw, 768px\" \/>\t\t\t\t\t\t\t\t\t\t\t\t\t\t\t<\/div>\n\t\t\t\t<\/div>\n\t\t\t\t<div class=\"elementor-element elementor-element-4ab5f02 elementor-widget elementor-widget-image\" data-id=\"4ab5f02\" data-element_type=\"widget\" data-widget_type=\"image.default\">\n\t\t\t\t<div class=\"elementor-widget-container\">\n\t\t\t\t\t\t\t\t\t\t\t\t\t\t\t<img decoding=\"async\" width=\"768\" height=\"1024\" src=\"https:\/\/eleganttouch-co.com\/wp-content\/uploads\/2024\/12\/IMG_5077-1-768x1024.jpg\" class=\"attachment-large size-large wp-image-1325\" alt=\"\" srcset=\"https:\/\/eleganttouch-co.com\/wp-content\/uploads\/2024\/12\/IMG_5077-1-768x1024.jpg 768w, https:\/\/eleganttouch-co.com\/wp-content\/uploads\/2024\/12\/IMG_5077-1-225x300.jpg 225w, https:\/\/eleganttouch-co.com\/wp-content\/uploads\/2024\/12\/IMG_5077-1-1152x1536.jpg 1152w, https:\/\/eleganttouch-co.com\/wp-content\/uploads\/2024\/12\/IMG_5077-1-1536x2048.jpg 1536w, https:\/\/eleganttouch-co.com\/wp-content\/uploads\/2024\/12\/IMG_5077-1-600x800.jpg 600w, https:\/\/eleganttouch-co.com\/wp-content\/uploads\/2024\/12\/IMG_5077-1-473x630.jpg 473w, https:\/\/eleganttouch-co.com\/wp-content\/uploads\/2024\/12\/IMG_5077-1-scaled.jpg 1920w\" sizes=\"(max-width: 768px) 100vw, 768px\" \/>\t\t\t\t\t\t\t\t\t\t\t\t\t\t\t<\/div>\n\t\t\t\t<\/div>\n\t\t\t\t<div class=\"elementor-element elementor-element-a4eb6d6 elementor-widget elementor-widget-image\" data-id=\"a4eb6d6\" data-element_type=\"widget\" data-widget_type=\"image.default\">\n\t\t\t\t<div class=\"elementor-widget-container\">\n\t\t\t\t\t\t\t\t\t\t\t\t\t\t\t<img loading=\"lazy\" decoding=\"async\" width=\"768\" height=\"1024\" src=\"https:\/\/eleganttouch-co.com\/wp-content\/uploads\/2024\/12\/IMG_3023-768x1024.jpg\" class=\"attachment-large size-large wp-image-1312\" alt=\"\" srcset=\"https:\/\/eleganttouch-co.com\/wp-content\/uploads\/2024\/12\/IMG_3023-768x1024.jpg 768w, https:\/\/eleganttouch-co.com\/wp-content\/uploads\/2024\/12\/IMG_3023-225x300.jpg 225w, https:\/\/eleganttouch-co.com\/wp-content\/uploads\/2024\/12\/IMG_3023-1152x1536.jpg 1152w, https:\/\/eleganttouch-co.com\/wp-content\/uploads\/2024\/12\/IMG_3023-1536x2048.jpg 1536w, https:\/\/eleganttouch-co.com\/wp-content\/uploads\/2024\/12\/IMG_3023-600x800.jpg 600w, https:\/\/eleganttouch-co.com\/wp-content\/uploads\/2024\/12\/IMG_3023-473x630.jpg 473w, https:\/\/eleganttouch-co.com\/wp-content\/uploads\/2024\/12\/IMG_3023-scaled.jpg 1920w\" sizes=\"(max-width: 768px) 100vw, 768px\" \/>\t\t\t\t\t\t\t\t\t\t\t\t\t\t\t<\/div>\n\t\t\t\t<\/div>\n\t\t\t\t\t<\/div>\n\t\t\t\t<\/div>\n\t\t<div class=\"elementor-element elementor-element-undefined-42014b4 e-flex e-con-boxed e-con e-parent\" data-id=\"undefined-42014b4\" data-element_type=\"container\" data-settings=\"{&quot;background_background&quot;:&quot;classic&quot;}\">\n\t\t\t\t\t<div class=\"e-con-inner\">\n\t\t<div class=\"elementor-element elementor-element-undefined-c61a786 e-con-full e-flex e-con e-child\" data-id=\"undefined-c61a786\" data-element_type=\"container\">\n\t\t\t\t<div class=\"elementor-element elementor-element-undefined-91e4c22 elementor-widget elementor-widget-heading\" data-id=\"undefined-91e4c22\" data-element_type=\"widget\" data-widget_type=\"heading.default\">\n\t\t\t\t<div class=\"elementor-widget-container\">\n\t\t\t\t\t<h2 class=\"elementor-heading-title elementor-size-default\">Essential Metrics: Highlights of Our Impact<\/h2>\t\t\t\t<\/div>\n\t\t\t\t<\/div>\n\t\t\t\t<div class=\"elementor-element elementor-element-undefined-001ab8a elementor-widget elementor-widget-heading\" data-id=\"undefined-001ab8a\" data-element_type=\"widget\" data-widget_type=\"heading.default\">\n\t\t\t\t<div class=\"elementor-widget-container\">\n\t\t\t\t\t<h3 class=\"elementor-heading-title elementor-size-default\">Discover our commitment to excellence and innovation in every endeavor.<\/h3>\t\t\t\t<\/div>\n\t\t\t\t<\/div>\n\t\t\t\t<\/div>\n\t\t<div class=\"elementor-element elementor-element-undefined-41d021a e-con-full e-flex e-con e-child\" data-id=\"undefined-41d021a\" data-element_type=\"container\">\n\t\t\t\t<div class=\"elementor-element elementor-element-undefined-863e798 elementor-widget__width-initial elementor-widget-mobile__width-inherit elementor-widget elementor-widget-counter\" data-id=\"undefined-863e798\" data-element_type=\"widget\" data-widget_type=\"counter.default\">\n\t\t\t\t<div class=\"elementor-widget-container\">\n\t\t\t\t\t\t\t<div class=\"elementor-counter\">\n\t\t\t<div class=\"elementor-counter-title\">Over 1,500 Clients Served<\/div>\t\t\t<div class=\"elementor-counter-number-wrapper\">\n\t\t\t\t<span class=\"elementor-counter-number-prefix\"><\/span>\n\t\t\t\t<span class=\"elementor-counter-number\" data-duration=\"2000\" data-to-value=\"219\" data-from-value=\"0\" data-delimiter=\",\">0<\/span>\n\t\t\t\t<span class=\"elementor-counter-number-suffix\"><\/span>\n\t\t\t<\/div>\n\t\t<\/div>\n\t\t\t\t\t\t<\/div>\n\t\t\t\t<\/div>\n\t\t\t\t<div class=\"elementor-element elementor-element-undefined-506b192 elementor-widget__width-initial elementor-widget-mobile__width-inherit elementor-widget elementor-widget-counter\" data-id=\"undefined-506b192\" data-element_type=\"widget\" data-widget_type=\"counter.default\">\n\t\t\t\t<div class=\"elementor-widget-container\">\n\t\t\t\t\t\t\t<div class=\"elementor-counter\">\n\t\t\t<div class=\"elementor-counter-title\">Achieved 95% Customer Satisfaction<\/div>\t\t\t<div class=\"elementor-counter-number-wrapper\">\n\t\t\t\t<span class=\"elementor-counter-number-prefix\"><\/span>\n\t\t\t\t<span class=\"elementor-counter-number\" data-duration=\"2000\" data-to-value=\"9\" data-from-value=\"0\" data-delimiter=\",\">0<\/span>\n\t\t\t\t<span class=\"elementor-counter-number-suffix\">+<\/span>\n\t\t\t<\/div>\n\t\t<\/div>\n\t\t\t\t\t\t<\/div>\n\t\t\t\t<\/div>\n\t\t\t\t<div class=\"elementor-element elementor-element-undefined-15be2d8 elementor-widget__width-initial elementor-widget-mobile__width-inherit elementor-widget elementor-widget-counter\" data-id=\"undefined-15be2d8\" data-element_type=\"widget\" data-widget_type=\"counter.default\">\n\t\t\t\t<div class=\"elementor-widget-container\">\n\t\t\t\t\t\t\t<div class=\"elementor-counter\">\n\t\t\t<div class=\"elementor-counter-title\">Completed 250+ Successful Livraisons<\/div>\t\t\t<div class=\"elementor-counter-number-wrapper\">\n\t\t\t\t<span class=\"elementor-counter-number-prefix\"><\/span>\n\t\t\t\t<span class=\"elementor-counter-number\" data-duration=\"2000\" data-to-value=\"600\" data-from-value=\"0\" data-delimiter=\",\">0<\/span>\n\t\t\t\t<span class=\"elementor-counter-number-suffix\">+<\/span>\n\t\t\t<\/div>\n\t\t<\/div>\n\t\t\t\t\t\t<\/div>\n\t\t\t\t<\/div>\n\t\t\t\t<div class=\"elementor-element elementor-element-undefined-3ee386f elementor-widget__width-initial elementor-widget-mobile__width-inherit elementor-widget elementor-widget-counter\" data-id=\"undefined-3ee386f\" data-element_type=\"widget\" data-widget_type=\"counter.default\">\n\t\t\t\t<div class=\"elementor-widget-container\">\n\t\t\t\t\t\t\t<div class=\"elementor-counter\">\n\t\t\t<div class=\"elementor-counter-title\">Recognized by 10 Industry Awards<\/div>\t\t\t<div class=\"elementor-counter-number-wrapper\">\n\t\t\t\t<span class=\"elementor-counter-number-prefix\"><\/span>\n\t\t\t\t<span class=\"elementor-counter-number\" data-duration=\"2000\" data-to-value=\"18\" data-from-value=\"0\" data-delimiter=\",\">0<\/span>\n\t\t\t\t<span class=\"elementor-counter-number-suffix\">+<\/span>\n\t\t\t<\/div>\n\t\t<\/div>\n\t\t\t\t\t\t<\/div>\n\t\t\t\t<\/div>\n\t\t\t\t<\/div>\n\t\t\t\t\t<\/div>\n\t\t\t\t<\/div>\n\t\t\t\t<\/div>\n\t\t","protected":false},"excerpt":{"rendered":"<p>About Us ELEGANT TOUCH COLLECTION Bienvenue sur Elegant Touch Collection, votre destination en ligne d\u00e9di\u00e9e \u00e0 la mode modeste pour les femmes voil\u00e9es. Nous sommes fiers de vous offrir une collection raffin\u00e9e de robes et d&rsquo;habits qui allient \u00e9l\u00e9gance, confort et modernit\u00e9, r\u00e9pondant aux besoins des femmes souhaitant s&rsquo;habiller avec [&hellip;]<\/p>\n","protected":false},"author":1,"featured_media":0,"parent":0,"menu_order":0,"comment_status":"closed","ping_status":"closed","template":"","meta":{"footnotes":""},"class_list":["post-15","page","type-page","status-publish","hentry"],"jetpack_sharing_enabled":true,"_links":{"self":[{"href":"https:\/\/eleganttouch-co.com\/index.php\/wp-json\/wp\/v2\/pages\/15","targetHints":{"allow":["GET"]}}],"collection":[{"href":"https:\/\/eleganttouch-co.com\/index.php\/wp-json\/wp\/v2\/pages"}],"about":[{"href":"https:\/\/eleganttouch-co.com\/index.php\/wp-json\/wp\/v2\/types\/page"}],"author":[{"embeddable":true,"href":"https:\/\/eleganttouch-co.com\/index.php\/wp-json\/wp\/v2\/users\/1"}],"replies":[{"embeddable":true,"href":"https:\/\/eleganttouch-co.com\/index.php\/wp-json\/wp\/v2\/comments?post=15"}],"version-history":[{"count":71,"href":"https:\/\/eleganttouch-co.com\/index.php\/wp-json\/wp\/v2\/pages\/15\/revisions"}],"predecessor-version":[{"id":1792,"href":"https:\/\/eleganttouch-co.com\/index.php\/wp-json\/wp\/v2\/pages\/15\/revisions\/1792"}],"wp:attachment":[{"href":"https:\/\/eleganttouch-co.com\/index.php\/wp-json\/wp\/v2\/media?parent=15"}],"curies":[{"name":"wp","href":"https:\/\/api.w.org\/{rel}","templated":true}]}}